{"id":570,"date":"2024-04-16T07:48:15","date_gmt":"2024-04-16T05:48:15","guid":{"rendered":"https:\/\/2024.devsector.ch\/tn\/?page_id=570"},"modified":"2024-09-07T11:32:14","modified_gmt":"2024-09-07T09:32:14","slug":"mes-prestations","status":"publish","type":"page","link":"https:\/\/2024.devsector.ch\/tn\/mes-prestations\/","title":{"rendered":"Mes prestations"},"content":{"rendered":"\n<div class=\"wp-block-columns is-layout-flex wp-container-core-columns-is-layout-9d6595d7 wp-block-columns-is-layout-flex\">\n<div class=\"wp-block-column is-layout-flow wp-block-column-is-layout-flow\">\n        <div id=\"collapsinghighlightlinks-block_ea7438e27f4a21eb24db36dda09d09de\" class=\"collapsinghighlightlinks-box\">\n        <div class=\"block-collapsing-block__inner\"><div class=\"block-collapsing-block-activ-element\"><div class=\"toggler-element collapsed\" data-bs-toggle=\"collapse\" data-bs-target=\"#collapseTaget-block_ea7438e27f4a21eb24db36dda09d09de\" aria-expanded=\"false\" aria-controls=\"collapseTaget-block_ea7438e27f4a21eb24db36dda09d09de\"><p>Accompagnement strate\u0301gique<br \/>\npour entrepreneurs<\/p>\n<span class=\"more-link-text-a\"><i class=\"fa fa-plus-circle\"><\/i><\/span><span class=\"more-link-text-b\"><i class=\"fa fa-minus-circle\"><\/i><\/span><\/div><!-- collapse-toggler --><\/div><!-- block-collapsing-block-activ-element --><div class=\"collapse\" id=\"collapseTaget-block_ea7438e27f4a21eb24db36dda09d09de\"><div class=\"collapsed_element_content\"><p>En collaboration e\u0301troite avec mon ami Alec Henry, fondateur de Entrepreneurs.com, je vous propose un service de mentoring exclusif destine\u0301 aux entrepreneurs ge\u0301ne\u0301rant un chiffre d\u2019affaires annuel d\u2019au moins 1 million.<\/p>\n<p><strong>Notre objectif :<\/strong><br \/>\n<strong>optimiser et faire e\u0301voluer votre entreprise pour atteindre de nouveaux<\/strong><\/p>\n<\/div><\/div><!-- block-collapsing-block-panel --><\/div><!-- block-collapsing-block__inner -->        <\/div><!-- strat -->\n\t<\/div>\n\n\n\n<div class=\"wp-block-column is-layout-flow wp-block-column-is-layout-flow\">\n        <div id=\"collapsinghighlightlinks-block_6b5960f49fa8e560919d4f7de654ba4a\" class=\"collapsinghighlightlinks-box\">\n        <div class=\"block-collapsing-block__inner\"><div class=\"block-collapsing-block-activ-element\"><div class=\"toggler-element collapsed\" data-bs-toggle=\"collapse\" data-bs-target=\"#collapseTaget-block_6b5960f49fa8e560919d4f7de654ba4a\" aria-expanded=\"false\" aria-controls=\"collapseTaget-block_6b5960f49fa8e560919d4f7de654ba4a\"><p>Strate\u0301gie commerciale<br \/>\net marketing<\/p>\n<span class=\"more-link-text-a\"><i class=\"fa fa-plus-circle\"><\/i><\/span><span class=\"more-link-text-b\"><i class=\"fa fa-minus-circle\"><\/i><\/span><\/div><!-- collapse-toggler --><\/div><!-- block-collapsing-block-activ-element --><div class=\"collapse\" id=\"collapseTaget-block_6b5960f49fa8e560919d4f7de654ba4a\"><div class=\"collapsed_element_content\"><p>En collaboration e\u0301troite avec mon ami Alec Henry, fondateur de Entrepreneurs.com, je vous propose un service de mentoring exclusif destine\u0301 aux entrepreneurs ge\u0301ne\u0301rant un chiffre d\u2019affaires annuel d\u2019au moins 1 million.<\/p>\n<p>Notre objectif :<br \/>\noptimiser et faire e\u0301voluer votre entreprise pour atteindre de nouveaux<\/p>\n<\/div><\/div><!-- block-collapsing-block-panel --><\/div><!-- block-collapsing-block__inner -->        <\/div><!-- strat -->\n\t<\/div>\n\n\n\n<div class=\"wp-block-column is-layout-flow wp-block-column-is-layout-flow\">\n        <div id=\"collapsinghighlightlinks-block_08ce6f94f8d5b727e095f0f28487576a\" class=\"collapsinghighlightlinks-box\">\n        <div class=\"block-collapsing-block__inner\"><div class=\"block-collapsing-block-activ-element\"><div class=\"toggler-element collapsed\" data-bs-toggle=\"collapse\" data-bs-target=\"#collapseTaget-block_08ce6f94f8d5b727e095f0f28487576a\" aria-expanded=\"false\" aria-controls=\"collapseTaget-block_08ce6f94f8d5b727e095f0f28487576a\"><p>Analyse et<br \/>\name\u0301lioration strate\u0301gique<\/p>\n<span class=\"more-link-text-a\"><i class=\"fa fa-plus-circle\"><\/i><\/span><span class=\"more-link-text-b\"><i class=\"fa fa-minus-circle\"><\/i><\/span><\/div><!-- collapse-toggler --><\/div><!-- block-collapsing-block-activ-element --><div class=\"collapse\" id=\"collapseTaget-block_08ce6f94f8d5b727e095f0f28487576a\"><div class=\"collapsed_element_content\"><p>En collaboration e\u0301troite avec mon ami Alec Henry, fondateur de Entrepreneurs.com, je vous propose un service de mentoring exclusif destine\u0301 aux entrepreneurs ge\u0301ne\u0301rant un chiffre d\u2019affaires annuel d\u2019au moins 1 million.<\/p>\n<p>Notre objectif :<br \/>\noptimiser et faire e\u0301voluer votre entreprise pour atteindre de nouveaux<\/p>\n<\/div><\/div><!-- block-collapsing-block-panel --><\/div><!-- block-collapsing-block__inner -->        <\/div><!-- strat -->\n\t<\/div>\n<\/div>\n\n\n\n<div class=\"wp-block-columns is-layout-flex wp-container-core-columns-is-layout-9d6595d7 wp-block-columns-is-layout-flex\">\n<div class=\"wp-block-column is-layout-flow wp-block-column-is-layout-flow\">\n        <div id=\"collapsinghighlightlinks-block_3dbcadf14161609e66d29b4de5db6bb5\" class=\"collapsinghighlightlinks-box\">\n        <div class=\"block-collapsing-block__inner\"><div class=\"block-collapsing-block-activ-element\"><div class=\"toggler-element collapsed\" data-bs-toggle=\"collapse\" data-bs-target=\"#collapseTaget-block_3dbcadf14161609e66d29b4de5db6bb5\" aria-expanded=\"false\" aria-controls=\"collapseTaget-block_3dbcadf14161609e66d29b4de5db6bb5\"><p>Mise en oeuvre<br \/>\nd\u2019une discipline de gestion<\/p>\n<span class=\"more-link-text-a\"><i class=\"fa fa-plus-circle\"><\/i><\/span><span class=\"more-link-text-b\"><i class=\"fa fa-minus-circle\"><\/i><\/span><\/div><!-- collapse-toggler --><\/div><!-- block-collapsing-block-activ-element --><div class=\"collapse\" id=\"collapseTaget-block_3dbcadf14161609e66d29b4de5db6bb5\"><div class=\"collapsed_element_content\"><p>En collaboration e\u0301troite avec mon ami Alec Henry, fondateur de Entrepreneurs.com, je vous propose un service de mentoring exclusif destine\u0301 aux entrepreneurs ge\u0301ne\u0301rant un chiffre d\u2019affaires annuel d\u2019au moins 1 million.<\/p>\n<p>Notre objectif :<br \/>\noptimiser et faire e\u0301voluer votre entreprise pour atteindre de nouveaux<\/p>\n<\/div><\/div><!-- block-collapsing-block-panel --><\/div><!-- block-collapsing-block__inner -->        <\/div><!-- strat -->\n\t<\/div>\n\n\n\n<div class=\"wp-block-column is-layout-flow wp-block-column-is-layout-flow\">\n        <div id=\"collapsinghighlightlinks-block_3e2453587c551273894e92e32e76ea61\" class=\"collapsinghighlightlinks-box\">\n        <div class=\"block-collapsing-block__inner\"><div class=\"block-collapsing-block-activ-element\"><div class=\"toggler-element collapsed\" data-bs-toggle=\"collapse\" data-bs-target=\"#collapseTaget-block_3e2453587c551273894e92e32e76ea61\" aria-expanded=\"false\" aria-controls=\"collapseTaget-block_3e2453587c551273894e92e32e76ea61\"><p>Accompagneent ope\u0301rationnel<br \/>\net re\u0301solution de proble\u0300mes<\/p>\n<span class=\"more-link-text-a\"><i class=\"fa fa-plus-circle\"><\/i><\/span><span class=\"more-link-text-b\"><i class=\"fa fa-minus-circle\"><\/i><\/span><\/div><!-- collapse-toggler --><\/div><!-- block-collapsing-block-activ-element --><div class=\"collapse\" id=\"collapseTaget-block_3e2453587c551273894e92e32e76ea61\"><div class=\"collapsed_element_content\"><p>En collaboration e\u0301troite avec mon ami Alec Henry, fondateur de Entrepreneurs.com, je vous propose un service de mentoring exclusif destine\u0301 aux entrepreneurs ge\u0301ne\u0301rant un chiffre d\u2019affaires annuel d\u2019au moins 1 million.<\/p>\n<p>Notre objectif :<br \/>\noptimiser et faire e\u0301voluer votre entreprise pour atteindre de nouveaux<\/p>\n<\/div><\/div><!-- block-collapsing-block-panel --><\/div><!-- block-collapsing-block__inner -->        <\/div><!-- strat -->\n\t<\/div>\n\n\n\n<div class=\"wp-block-column is-layout-flow wp-block-column-is-layout-flow\">\n        <div id=\"collapsinghighlightlinks-block_ba68b065aea078501f6c308fda404e3d\" class=\"collapsinghighlightlinks-box\">\n        <div class=\"block-collapsing-block__inner\"><div class=\"block-collapsing-block-activ-element\"><div class=\"toggler-element collapsed\" data-bs-toggle=\"collapse\" data-bs-target=\"#collapseTaget-block_ba68b065aea078501f6c308fda404e3d\" aria-expanded=\"false\" aria-controls=\"collapseTaget-block_ba68b065aea078501f6c308fda404e3d\"><p>Strate\u0301gie<br \/>\nd\u2019ame\u0301lioration continue<\/p>\n<span class=\"more-link-text-a\"><i class=\"fa fa-plus-circle\"><\/i><\/span><span class=\"more-link-text-b\"><i class=\"fa fa-minus-circle\"><\/i><\/span><\/div><!-- collapse-toggler --><\/div><!-- block-collapsing-block-activ-element --><div class=\"collapse\" id=\"collapseTaget-block_ba68b065aea078501f6c308fda404e3d\"><div class=\"collapsed_element_content\"><p>En collaboration e\u0301troite avec mon ami Alec Henry, fondateur de Entrepreneurs.com, je vous propose un service de mentoring exclusif destine\u0301 aux entrepreneurs ge\u0301ne\u0301rant un chiffre d\u2019affaires annuel d\u2019au moins 1 million.<\/p>\n<p>Notre objectif :<br \/>\noptimiser et faire e\u0301voluer votre entreprise pour atteindre de nouveaux<\/p>\n<\/div><\/div><!-- block-collapsing-block-panel --><\/div><!-- block-collapsing-block__inner -->        <\/div><!-- strat -->\n\t<\/div>\n<\/div>\n\n\n\n<div style=\"height:100px\" aria-hidden=\"true\" class=\"wp-block-spacer\"><\/div>\n\n\n\n<div class=\"wp-block-cover alignfull is-light\"><span aria-hidden=\"true\" class=\"wp-block-cover__background has-lightgrey-global-background-color has-background-dim-100 has-background-dim\"><\/span><div class=\"wp-block-cover__inner-container is-layout-constrained wp-block-cover-is-layout-constrained\">\n<div style=\"height:50px\" aria-hidden=\"true\" class=\"wp-block-spacer\"><\/div>\n\n\n\n<h2 class=\"wp-block-heading has-text-align-center has-large-font-size\">Exemples d\u2019objectifs et r\u00e9sultats<\/h2>\n\n\n<div id=\"simple-cards-carousel-block_9114cb73d3328f2eccd8af9362010aea\" class=\"swiper-container simple-cards-carousel\"><div class=\"swiper-wrapper\"><div class=\"swiper-slide\"><div class=\"card\"><h3>\u00c9quilibre vie professionnelle et vie personnelle<\/h3><p>R\u00e9duire le nombre d\u2019heures de travail consacr\u00e9es aux projets personnels pour une meilleure qualit\u00e9 de vie.<\/p><\/div><\/div><div class=\"swiper-slide\"><div class=\"card\"><h3>Croissance du chiffre d\u2019affaires<\/h3><p>Atteindre de nouveaux niveaux de revenus gr\u00e2ce \u00e0 une strat\u00e9gie commerciale optimis\u00e9e.<\/p><\/div><\/div><div class=\"swiper-slide\"><div class=\"card\"><h3>Am\u00e9lioration de la satisfaction client<\/h3><p>Augmenter les taux de satisfaction et\r\nde fid\u00e9lisation en optimisant l\u2019exp\u00e9rience client.<\/p><\/div><\/div><div class=\"swiper-slide\"><div class=\"card\"><h3>Titre 4<\/h3><p><\/p><\/div><\/div><div class=\"swiper-slide\"><div class=\"card\"><h3>Titre 5<\/h3><p><\/p><\/div><\/div><div class=\"swiper-slide\"><div class=\"card\"><h3>Titre 6<\/h3><p><\/p><\/div><\/div><\/div><div class=\"swiper-pagination\"><\/div><div class=\"swiper-button-next\"><\/div><div class=\"swiper-button-prev\"><\/div><\/div>\n\n\n<div style=\"height:50px\" aria-hidden=\"true\" class=\"wp-block-spacer\"><\/div>\n<\/div><\/div>\n\n\n\n<div style=\"height:50px\" aria-hidden=\"true\" class=\"wp-block-spacer\"><\/div>\n\n\n\n<div class=\"wp-block-buttons is-content-justification-center is-layout-flex wp-container-core-buttons-is-layout-16018d1d wp-block-buttons-is-layout-flex\">\n<div class=\"wp-block-button has-custom-font-size has-regular-font-size\"><a class=\"wp-block-button__link has-text-align-center wp-element-button\" href=\"https:\/\/2024.devsector.ch\/tn\/contact\/\">\u00c7a m&rsquo;int\u00e9resse!<\/a><\/div>\n<\/div>\n\n\n\n<div style=\"height:100px\" aria-hidden=\"true\" class=\"wp-block-spacer\"><\/div>\n","protected":false},"excerpt":{"rendered":"","protected":false},"author":1,"featured_media":0,"parent":0,"menu_order":0,"comment_status":"closed","ping_status":"closed","template":"","meta":{"_acf_changed":false,"footnotes":""},"class_list":["post-570","page","type-page","status-publish","hentry"],"acf":[],"_links":{"self":[{"href":"https:\/\/2024.devsector.ch\/tn\/wp-json\/wp\/v2\/pages\/570","targetHints":{"allow":["GET"]}}],"collection":[{"href":"https:\/\/2024.devsector.ch\/tn\/wp-json\/wp\/v2\/pages"}],"about":[{"href":"https:\/\/2024.devsector.ch\/tn\/wp-json\/wp\/v2\/types\/page"}],"author":[{"embeddable":true,"href":"https:\/\/2024.devsector.ch\/tn\/wp-json\/wp\/v2\/users\/1"}],"replies":[{"embeddable":true,"href":"https:\/\/2024.devsector.ch\/tn\/wp-json\/wp\/v2\/comments?post=570"}],"version-history":[{"count":33,"href":"https:\/\/2024.devsector.ch\/tn\/wp-json\/wp\/v2\/pages\/570\/revisions"}],"predecessor-version":[{"id":1098,"href":"https:\/\/2024.devsector.ch\/tn\/wp-json\/wp\/v2\/pages\/570\/revisions\/1098"}],"wp:attachment":[{"href":"https:\/\/2024.devsector.ch\/tn\/wp-json\/wp\/v2\/media?parent=570"}],"curies":[{"name":"wp","href":"https:\/\/api.w.org\/{rel}","templated":true}]}}